{"id":378,"date":"2021-06-27T21:47:17","date_gmt":"2021-06-27T19:47:17","guid":{"rendered":"https:\/\/szeif.elka.pw.edu.pl\/?page_id=378"},"modified":"2024-10-24T11:53:12","modified_gmt":"2024-10-24T09:53:12","slug":"innowacyjne-formy-ksztalcenia","status":"publish","type":"page","link":"https:\/\/szeif.elka.pw.edu.pl\/?page_id=378","title":{"rendered":"Innowacyjne formy kszta\u0142cenia"},"content":{"rendered":"\t\t<div data-elementor-type=\"wp-page\" data-elementor-id=\"378\" class=\"elementor elementor-378\">\n\t\t\t\t\t\t<section class=\"elementor-section elementor-top-section elementor-element elementor-element-1d8b2d0 elementor-section-boxed elementor-section-height-default elementor-section-height-default\" data-id=\"1d8b2d0\" data-element_type=\"section\" data-settings=\"{&quot;background_background&quot;:&quot;classic&quot;}\">\n\t\t\t\t\t\t<div class=\"elementor-container elementor-column-gap-default\">\n\t\t\t\t\t<div class=\"elementor-column elementor-col-50 elementor-top-column elementor-element elementor-element-a639532\" data-id=\"a639532\" data-element_type=\"column\" data-settings=\"{&quot;background_background&quot;:&quot;classic&quot;}\">\n\t\t\t<div class=\"elementor-widget-wrap elementor-element-populated\">\n\t\t\t\t\t\t<div class=\"elementor-element elementor-element-a0e9f2f elementor-widget elementor-widget-image\" data-id=\"a0e9f2f\" data-element_type=\"widget\" data-widget_type=\"image.default\">\n\t\t\t\t<div class=\"elementor-widget-container\">\n\t\t\t\t\t\t\t\t\t\t\t\t\t<img fetchpriority=\"high\" decoding=\"async\" width=\"700\" height=\"500\" src=\"https:\/\/szeif.elka.pw.edu.pl\/wp-content\/uploads\/2021\/06\/ic.jpg\" class=\"attachment-large size-large wp-image-229\" alt=\"\" srcset=\"https:\/\/szeif.elka.pw.edu.pl\/wp-content\/uploads\/2021\/06\/ic.jpg 700w, https:\/\/szeif.elka.pw.edu.pl\/wp-content\/uploads\/2021\/06\/ic-300x214.jpg 300w\" sizes=\"(max-width: 700px) 100vw, 700px\" \/>\t\t\t\t\t\t\t\t\t\t\t\t\t<\/div>\n\t\t\t\t<\/div>\n\t\t\t\t\t<\/div>\n\t\t<\/div>\n\t\t\t\t<div class=\"elementor-column elementor-col-50 elementor-top-column elementor-element elementor-element-7861d78\" data-id=\"7861d78\" data-element_type=\"column\">\n\t\t\t<div class=\"elementor-widget-wrap elementor-element-populated\">\n\t\t\t\t\t\t<div class=\"elementor-element elementor-element-db638ef elementor-widget elementor-widget-text-editor\" data-id=\"db638ef\" data-element_type=\"widget\" data-widget_type=\"text-editor.default\">\n\t\t\t\t<div class=\"elementor-widget-container\">\n\t\t\t\t\t\t\t<p>Program konsultowany i opracowywany we wsp\u00f3\u0142pracy z otoczeniem gospodarczym. Uwzgl\u0119dniaj\u0105cy nowe wyzwania i potrzeby firm hi-tech oraz o\u015brodk\u00f3w naukowo-badawczych.<br \/><em><a href=\"https:\/\/szeif.elka.pw.edu.pl\/?work_genre=oferty-pracy\">Patrz \u2192 oferty pracy<\/a><\/em><\/p><p>Du\u017ca obieralno\u015b\u0107 przedmiot\u00f3w i mo\u017cliwo\u015b\u0107 kszta\u0142towania w\u0142asnej \u015bcie\u017cki rozwoju<br \/><em>Patrz \u2192 siatka przedmiot\u00f3w<\/em><\/p><p>Przygotowanie do wyzwa\u0144 zwi\u0105zanych z projektowaniem, rozwojem i wdra\u017caniem urz\u0105dze\u0144 i system\u00f3w elektronicznych i fotonicznych zar\u00f3wno w wersji \u201eklasycznej\u201d jak i scalonej.<\/p>\t\t\t\t\t\t<\/div>\n\t\t\t\t<\/div>\n\t\t\t\t\t<\/div>\n\t\t<\/div>\n\t\t\t\t\t<\/div>\n\t\t<\/section>\n\t\t\t\t<section class=\"elementor-section elementor-top-section elementor-element elementor-element-015a363 elementor-reverse-mobile elementor-section-boxed elementor-section-height-default elementor-section-height-default\" data-id=\"015a363\" data-element_type=\"section\" data-settings=\"{&quot;background_background&quot;:&quot;classic&quot;}\">\n\t\t\t\t\t\t<div class=\"elementor-container elementor-column-gap-default\">\n\t\t\t\t\t<div class=\"elementor-column elementor-col-50 elementor-top-column elementor-element elementor-element-a98c3ae\" data-id=\"a98c3ae\" data-element_type=\"column\" data-settings=\"{&quot;background_background&quot;:&quot;classic&quot;}\">\n\t\t\t<div class=\"elementor-widget-wrap elementor-element-populated\">\n\t\t\t\t\t\t<div class=\"elementor-element elementor-element-4af6046 elementor-widget elementor-widget-text-editor\" data-id=\"4af6046\" data-element_type=\"widget\" data-widget_type=\"text-editor.default\">\n\t\t\t\t<div class=\"elementor-widget-container\">\n\t\t\t\t\t\t\t<p>\u015acis\u0142a wsp\u00f3\u0142praca z opiekunem,<\/p><p>Seminaryjne zaj\u0119cia z wiod\u0105cymi specjalistami z krajowych i zagranicznych o\u015brodk\u00f3w naukowo- badawczych\u00a0 <br \/>Patrz \u2192 przedmiot &#8211; Kierunki Rozwoju Elektroniki i Fotoniki<\/p><p>Zaj\u0119cia z technik zarz\u0105dzania projektami, pracy zespo\u0142owej i zagadnie\u0144 zwi\u0105zanych z uruchamianiem w\u0142asnego start-upu. Patrz \u2192 przedmiot Przedsi\u0119biorczo\u015b\u0107 Startupowa<br \/>Patrz \u2192 przedmiot Zespo\u0142owy Projekt Badawczy<\/p><p>Wybrane zaj\u0119cia w j\u0119zyku angielskim<br \/>Patrz \u2192 przedmiot Zespo\u0142owy Projekt Badawczy<\/p>\t\t\t\t\t\t<\/div>\n\t\t\t\t<\/div>\n\t\t\t\t\t<\/div>\n\t\t<\/div>\n\t\t\t\t<div class=\"elementor-column elementor-col-50 elementor-top-column elementor-element elementor-element-cbbf08c\" data-id=\"cbbf08c\" data-element_type=\"column\">\n\t\t\t<div class=\"elementor-widget-wrap elementor-element-populated\">\n\t\t\t\t\t\t<div class=\"elementor-element elementor-element-8354dfc elementor-widget elementor-widget-image\" data-id=\"8354dfc\" data-element_type=\"widget\" data-widget_type=\"image.default\">\n\t\t\t\t<div class=\"elementor-widget-container\">\n\t\t\t\t\t\t\t\t\t\t\t\t\t<img decoding=\"async\" width=\"700\" height=\"500\" src=\"https:\/\/szeif.elka.pw.edu.pl\/wp-content\/uploads\/2021\/06\/pic2.jpg\" class=\"attachment-large size-large wp-image-232\" alt=\"\" srcset=\"https:\/\/szeif.elka.pw.edu.pl\/wp-content\/uploads\/2021\/06\/pic2.jpg 700w, https:\/\/szeif.elka.pw.edu.pl\/wp-content\/uploads\/2021\/06\/pic2-300x214.jpg 300w\" sizes=\"(max-width: 700px) 100vw, 700px\" \/>\t\t\t\t\t\t\t\t\t\t\t\t\t<\/div>\n\t\t\t\t<\/div>\n\t\t\t\t\t<\/div>\n\t\t<\/div>\n\t\t\t\t\t<\/div>\n\t\t<\/section>\n\t\t\t\t<section class=\"elementor-section elementor-top-section elementor-element elementor-element-655f98a6 elementor-section-stretched elementor-section-boxed elementor-section-height-default elementor-section-height-default\" data-id=\"655f98a6\" data-element_type=\"section\" data-settings=\"{&quot;stretch_section&quot;:&quot;section-stretched&quot;}\">\n\t\t\t\t\t\t<div class=\"elementor-container elementor-column-gap-default\">\n\t\t\t\t\t<div class=\"elementor-column elementor-col-100 elementor-top-column elementor-element elementor-element-9c7213e\" data-id=\"9c7213e\" data-element_type=\"column\">\n\t\t\t<div class=\"elementor-widget-wrap elementor-element-populated\">\n\t\t\t\t\t\t<div class=\"elementor-element elementor-element-3cefc4a7 elementor-widget-divider--view-line elementor-widget elementor-widget-divider\" data-id=\"3cefc4a7\" data-element_type=\"widget\" data-widget_type=\"divider.default\">\n\t\t\t\t<div class=\"elementor-widget-container\">\n\t\t\t\t\t<div class=\"elementor-divider\">\n\t\t\t<span class=\"elementor-divider-separator\">\n\t\t\t\t\t\t<\/span>\n\t\t<\/div>\n\t\t\t\t<\/div>\n\t\t\t\t<\/div>\n\t\t\t\t<div class=\"elementor-element elementor-element-196f4551 elementor-icon-list--layout-traditional elementor-list-item-link-full_width elementor-widget elementor-widget-icon-list\" data-id=\"196f4551\" data-element_type=\"widget\" data-widget_type=\"icon-list.default\">\n\t\t\t\t<div class=\"elementor-widget-container\">\n\t\t\t\t\t<ul class=\"elementor-icon-list-items\">\n\t\t\t\t\t\t\t<li class=\"elementor-icon-list-item\">\n\t\t\t\t\t\t\t\t\t\t\t<span class=\"elementor-icon-list-icon\">\n\t\t\t\t\t\t\t<i aria-hidden=\"true\" class=\"fas fa-universal-access\"><\/i>\t\t\t\t\t\t<\/span>\n\t\t\t\t\t\t\t\t\t\t<span class=\"elementor-icon-list-text\">Kierownik specjalno\u015bci: dr in\u017c. S\u0142awomir Szostak<\/span>\n\t\t\t\t\t\t\t\t\t<\/li>\n\t\t\t\t\t\t\t\t<li class=\"elementor-icon-list-item\">\n\t\t\t\t\t\t\t\t\t\t\t<span class=\"elementor-icon-list-icon\">\n\t\t\t\t\t\t\t<i aria-hidden=\"true\" class=\"fas fa-envelope-open\"><\/i>\t\t\t\t\t\t<\/span>\n\t\t\t\t\t\t\t\t\t\t<span class=\"elementor-icon-list-text\"><a href=\"mailto:slawomir.szostak@pw.edu.pl\" style=\"background-color: rgb(14, 53, 89); display: inline !important;\">slawomir.szostak@pw.edu.pl<\/a><\/span>\n\t\t\t\t\t\t\t\t\t<\/li>\n\t\t\t\t\t\t<\/ul>\n\t\t\t\t<\/div>\n\t\t\t\t<\/div>\n\t\t\t\t\t<\/div>\n\t\t<\/div>\n\t\t\t\t\t<\/div>\n\t\t<\/section>\n\t\t\t\t<\/div>\n\t\t","protected":false},"excerpt":{"rendered":"<p>Program konsultowany i opracowywany we wsp\u00f3\u0142pracy z otoczeniem gospodarczym. Uwzgl\u0119dniaj\u0105cy&hellip;<\/p>\n<p> <a class=\"more-link\" href=\"https:\/\/szeif.elka.pw.edu.pl\/?page_id=378\">Czytaj dalej<\/a><\/p>\n","protected":false},"author":1,"featured_media":0,"parent":0,"menu_order":0,"comment_status":"closed","ping_status":"closed","template":"","meta":{"footnotes":""},"categories":[],"tags":[],"class_list":["post-378","page","type-page","status-publish"],"_links":{"self":[{"href":"https:\/\/szeif.elka.pw.edu.pl\/index.php?rest_route=\/wp\/v2\/pages\/378","targetHints":{"allow":["GET"]}}],"collection":[{"href":"https:\/\/szeif.elka.pw.edu.pl\/index.php?rest_route=\/wp\/v2\/pages"}],"about":[{"href":"https:\/\/szeif.elka.pw.edu.pl\/index.php?rest_route=\/wp\/v2\/types\/page"}],"author":[{"embeddable":true,"href":"https:\/\/szeif.elka.pw.edu.pl\/index.php?rest_route=\/wp\/v2\/users\/1"}],"replies":[{"embeddable":true,"href":"https:\/\/szeif.elka.pw.edu.pl\/index.php?rest_route=%2Fwp%2Fv2%2Fcomments&post=378"}],"version-history":[{"count":13,"href":"https:\/\/szeif.elka.pw.edu.pl\/index.php?rest_route=\/wp\/v2\/pages\/378\/revisions"}],"predecessor-version":[{"id":1258,"href":"https:\/\/szeif.elka.pw.edu.pl\/index.php?rest_route=\/wp\/v2\/pages\/378\/revisions\/1258"}],"wp:attachment":[{"href":"https:\/\/szeif.elka.pw.edu.pl\/index.php?rest_route=%2Fwp%2Fv2%2Fmedia&parent=378"}],"wp:term":[{"taxonomy":"category","embeddable":true,"href":"https:\/\/szeif.elka.pw.edu.pl\/index.php?rest_route=%2Fwp%2Fv2%2Fcategories&post=378"},{"taxonomy":"post_tag","embeddable":true,"href":"https:\/\/szeif.elka.pw.edu.pl\/index.php?rest_route=%2Fwp%2Fv2%2Ftags&post=378"}],"curies":[{"name":"wp","href":"https:\/\/api.w.org\/{rel}","templated":true}]}}