{"id":393,"date":"2021-06-27T22:02:35","date_gmt":"2021-06-27T20:02:35","guid":{"rendered":"https:\/\/szeif.elka.pw.edu.pl\/?page_id=393"},"modified":"2024-10-24T11:55:23","modified_gmt":"2024-10-24T09:55:23","slug":"unikatowe-nowoczesne-laboratoria-badawcze-i-dydaktyczne","status":"publish","type":"page","link":"https:\/\/szeif.elka.pw.edu.pl\/?page_id=393","title":{"rendered":"Unikatowe, nowoczesne laboratoria badawcze i dydaktyczne"},"content":{"rendered":"\t\t<div data-elementor-type=\"wp-page\" data-elementor-id=\"393\" class=\"elementor elementor-393\">\n\t\t\t\t\t\t<section class=\"elementor-section elementor-top-section elementor-element elementor-element-015a363 elementor-reverse-mobile elementor-section-boxed elementor-section-height-default elementor-section-height-default\" data-id=\"015a363\" data-element_type=\"section\" data-settings=\"{&quot;background_background&quot;:&quot;classic&quot;}\">\n\t\t\t\t\t\t<div class=\"elementor-container elementor-column-gap-default\">\n\t\t\t\t\t<div class=\"elementor-column elementor-col-50 elementor-top-column elementor-element elementor-element-a98c3ae\" data-id=\"a98c3ae\" data-element_type=\"column\" data-settings=\"{&quot;background_background&quot;:&quot;classic&quot;}\">\n\t\t\t<div class=\"elementor-widget-wrap elementor-element-populated\">\n\t\t\t\t\t\t<div class=\"elementor-element elementor-element-4af6046 elementor-widget elementor-widget-text-editor\" data-id=\"4af6046\" data-element_type=\"widget\" data-widget_type=\"text-editor.default\">\n\t\t\t\t<div class=\"elementor-widget-container\">\n\t\t\t\t\t\t\t<p>Studia na specjalno\u015bci SZEiF to bezpo\u015bredni dost\u0119p do unikatowej (cz\u0119sto w tej cz\u0119\u015bci Europy) aparatury i zaawansowanych laboratori\u00f3w badawczych i dydaktycznych.<\/p><p>Nabycie wiedzy i do\u015bwiadczenia w pos\u0142ugiwaniu si\u0119 najbardziej specjallistycznym sprz\u0119tem pomiarowym i oprogramowaniem CAD.<\/p><p>Zdobycie unikalnych umiej\u0119tno\u015bci i nawyk\u00f3w pracy w laboratoriach: clean-room, fotonicznym, technologicznym, stanowiskach ostrzowych, komorach klimatycznych pracuj\u0105cych w niskich i wysokich temperaturach, itp.<\/p>\t\t\t\t\t\t<\/div>\n\t\t\t\t<\/div>\n\t\t\t\t\t<\/div>\n\t\t<\/div>\n\t\t\t\t<div class=\"elementor-column elementor-col-50 elementor-top-column elementor-element elementor-element-cbbf08c\" data-id=\"cbbf08c\" data-element_type=\"column\">\n\t\t\t<div class=\"elementor-widget-wrap elementor-element-populated\">\n\t\t\t\t\t\t<div class=\"elementor-element elementor-element-8354dfc elementor-widget elementor-widget-image\" data-id=\"8354dfc\" data-element_type=\"widget\" data-widget_type=\"image.default\">\n\t\t\t\t<div class=\"elementor-widget-container\">\n\t\t\t\t\t\t\t\t\t\t\t\t\t<img fetchpriority=\"high\" decoding=\"async\" width=\"700\" height=\"500\" src=\"https:\/\/szeif.elka.pw.edu.pl\/wp-content\/uploads\/2021\/06\/pic2.jpg\" class=\"attachment-large size-large wp-image-232\" alt=\"\" srcset=\"https:\/\/szeif.elka.pw.edu.pl\/wp-content\/uploads\/2021\/06\/pic2.jpg 700w, https:\/\/szeif.elka.pw.edu.pl\/wp-content\/uploads\/2021\/06\/pic2-300x214.jpg 300w\" sizes=\"(max-width: 700px) 100vw, 700px\" \/>\t\t\t\t\t\t\t\t\t\t\t\t\t<\/div>\n\t\t\t\t<\/div>\n\t\t\t\t\t<\/div>\n\t\t<\/div>\n\t\t\t\t\t<\/div>\n\t\t<\/section>\n\t\t\t\t<section class=\"elementor-section elementor-top-section elementor-element elementor-element-302f831 elementor-section-boxed elementor-section-height-default elementor-section-height-default\" data-id=\"302f831\" data-element_type=\"section\" data-settings=\"{&quot;background_background&quot;:&quot;classic&quot;}\">\n\t\t\t\t\t\t<div class=\"elementor-container elementor-column-gap-default\">\n\t\t\t\t\t<div class=\"elementor-column elementor-col-50 elementor-top-column elementor-element elementor-element-7f97159\" data-id=\"7f97159\" data-element_type=\"column\">\n\t\t\t<div class=\"elementor-widget-wrap elementor-element-populated\">\n\t\t\t\t\t\t<div class=\"elementor-element elementor-element-95d7b8e elementor-widget elementor-widget-image\" data-id=\"95d7b8e\" data-element_type=\"widget\" data-widget_type=\"image.default\">\n\t\t\t\t<div class=\"elementor-widget-container\">\n\t\t\t\t\t\t\t\t\t\t\t\t\t<img decoding=\"async\" width=\"700\" height=\"500\" src=\"https:\/\/szeif.elka.pw.edu.pl\/wp-content\/uploads\/2021\/06\/laser.jpg\" class=\"attachment-large size-large wp-image-231\" alt=\"\" srcset=\"https:\/\/szeif.elka.pw.edu.pl\/wp-content\/uploads\/2021\/06\/laser.jpg 700w, https:\/\/szeif.elka.pw.edu.pl\/wp-content\/uploads\/2021\/06\/laser-300x214.jpg 300w\" sizes=\"(max-width: 700px) 100vw, 700px\" \/>\t\t\t\t\t\t\t\t\t\t\t\t\t<\/div>\n\t\t\t\t<\/div>\n\t\t\t\t\t<\/div>\n\t\t<\/div>\n\t\t\t\t<div class=\"elementor-column elementor-col-50 elementor-top-column elementor-element elementor-element-ab6e53c\" data-id=\"ab6e53c\" data-element_type=\"column\" data-settings=\"{&quot;background_background&quot;:&quot;classic&quot;}\">\n\t\t\t<div class=\"elementor-widget-wrap elementor-element-populated\">\n\t\t\t\t\t\t<div class=\"elementor-element elementor-element-ab65945 elementor-widget elementor-widget-text-editor\" data-id=\"ab65945\" data-element_type=\"widget\" data-widget_type=\"text-editor.default\">\n\t\t\t\t<div class=\"elementor-widget-container\">\n\t\t\t\t\t\t\t<p>Absolwent SZEiF\u2019u ma mo\u017cliwo\u015b\u0107 takiego zdefiniowania swojej \u015bcie\u017cki kszta\u0142cenia, \u017ceby zdoby\u0107 wspomniane, niezwykle unikatowe a przez to bardzo cenne umiej\u0119tno\u015bci &#8211; poszukiwane przez r\u00f3\u017cne o\u015brodki naukowo-badawcze w kraju i zagranic\u0105 oraz najbardziej licz\u0105ce si\u0119 firmy hi-tech.<\/p><p>Wymienione laboratoria to nasze \u201epere\u0142ki\u201d, kt\u00f3re nas wyr\u00f3\u017cniaj\u0105. <br \/>W zagadnieniach naukowych i dydaktycznych zwi\u0105zanych z dynamicznie rozwijaj\u0105cym si\u0119 rynkiem urz\u0105dze\u0144 i system\u00f3w Internetu Rzeczy nasze laboratoria sprz\u0119towe i programistyczne s\u0105 stale unowocze\u015bniane tak, \u017ceby studenci poznawali najnowsze trendy i narz\u0119dzia.<\/p>\t\t\t\t\t\t<\/div>\n\t\t\t\t<\/div>\n\t\t\t\t\t<\/div>\n\t\t<\/div>\n\t\t\t\t\t<\/div>\n\t\t<\/section>\n\t\t\t\t<section class=\"elementor-section elementor-top-section elementor-element elementor-element-2582b190 elementor-section-stretched elementor-section-boxed elementor-section-height-default elementor-section-height-default\" data-id=\"2582b190\" data-element_type=\"section\" data-settings=\"{&quot;stretch_section&quot;:&quot;section-stretched&quot;}\">\n\t\t\t\t\t\t<div class=\"elementor-container elementor-column-gap-default\">\n\t\t\t\t\t<div class=\"elementor-column elementor-col-100 elementor-top-column elementor-element elementor-element-1facc8d1\" data-id=\"1facc8d1\" data-element_type=\"column\">\n\t\t\t<div class=\"elementor-widget-wrap elementor-element-populated\">\n\t\t\t\t\t\t<div class=\"elementor-element elementor-element-5c607d7a elementor-widget-divider--view-line elementor-widget elementor-widget-divider\" data-id=\"5c607d7a\" data-element_type=\"widget\" data-widget_type=\"divider.default\">\n\t\t\t\t<div class=\"elementor-widget-container\">\n\t\t\t\t\t<div class=\"elementor-divider\">\n\t\t\t<span class=\"elementor-divider-separator\">\n\t\t\t\t\t\t<\/span>\n\t\t<\/div>\n\t\t\t\t<\/div>\n\t\t\t\t<\/div>\n\t\t\t\t<div class=\"elementor-element elementor-element-4f2b1f6f elementor-icon-list--layout-traditional elementor-list-item-link-full_width elementor-widget elementor-widget-icon-list\" data-id=\"4f2b1f6f\" data-element_type=\"widget\" data-widget_type=\"icon-list.default\">\n\t\t\t\t<div class=\"elementor-widget-container\">\n\t\t\t\t\t<ul class=\"elementor-icon-list-items\">\n\t\t\t\t\t\t\t<li class=\"elementor-icon-list-item\">\n\t\t\t\t\t\t\t\t\t\t\t<span class=\"elementor-icon-list-icon\">\n\t\t\t\t\t\t\t<i aria-hidden=\"true\" class=\"fas fa-universal-access\"><\/i>\t\t\t\t\t\t<\/span>\n\t\t\t\t\t\t\t\t\t\t<span class=\"elementor-icon-list-text\">Kierownik specjalno\u015bci: dr in\u017c. S\u0142awomir Szostak<\/span>\n\t\t\t\t\t\t\t\t\t<\/li>\n\t\t\t\t\t\t\t\t<li class=\"elementor-icon-list-item\">\n\t\t\t\t\t\t\t\t\t\t\t<span class=\"elementor-icon-list-icon\">\n\t\t\t\t\t\t\t<i aria-hidden=\"true\" class=\"fas fa-envelope-open\"><\/i>\t\t\t\t\t\t<\/span>\n\t\t\t\t\t\t\t\t\t\t<span class=\"elementor-icon-list-text\"><a href=\"mailto:slawomir.szostak@pw.edu.pl\" style=\"background-color: rgb(14, 53, 89); display: inline !important;\">slawomir.szostak@pw.edu.pl<\/a><\/span>\n\t\t\t\t\t\t\t\t\t<\/li>\n\t\t\t\t\t\t<\/ul>\n\t\t\t\t<\/div>\n\t\t\t\t<\/div>\n\t\t\t\t\t<\/div>\n\t\t<\/div>\n\t\t\t\t\t<\/div>\n\t\t<\/section>\n\t\t\t\t<\/div>\n\t\t","protected":false},"excerpt":{"rendered":"<p>Studia na specjalno\u015bci SZEiF to bezpo\u015bredni dost\u0119p do unikatowej (cz\u0119sto&hellip;<\/p>\n<p> <a class=\"more-link\" href=\"https:\/\/szeif.elka.pw.edu.pl\/?page_id=393\">Czytaj dalej<\/a><\/p>\n","protected":false},"author":1,"featured_media":0,"parent":0,"menu_order":0,"comment_status":"closed","ping_status":"closed","template":"","meta":{"footnotes":""},"categories":[],"tags":[],"class_list":["post-393","page","type-page","status-publish"],"_links":{"self":[{"href":"https:\/\/szeif.elka.pw.edu.pl\/index.php?rest_route=\/wp\/v2\/pages\/393","targetHints":{"allow":["GET"]}}],"collection":[{"href":"https:\/\/szeif.elka.pw.edu.pl\/index.php?rest_route=\/wp\/v2\/pages"}],"about":[{"href":"https:\/\/szeif.elka.pw.edu.pl\/index.php?rest_route=\/wp\/v2\/types\/page"}],"author":[{"embeddable":true,"href":"https:\/\/szeif.elka.pw.edu.pl\/index.php?rest_route=\/wp\/v2\/users\/1"}],"replies":[{"embeddable":true,"href":"https:\/\/szeif.elka.pw.edu.pl\/index.php?rest_route=%2Fwp%2Fv2%2Fcomments&post=393"}],"version-history":[{"count":7,"href":"https:\/\/szeif.elka.pw.edu.pl\/index.php?rest_route=\/wp\/v2\/pages\/393\/revisions"}],"predecessor-version":[{"id":1269,"href":"https:\/\/szeif.elka.pw.edu.pl\/index.php?rest_route=\/wp\/v2\/pages\/393\/revisions\/1269"}],"wp:attachment":[{"href":"https:\/\/szeif.elka.pw.edu.pl\/index.php?rest_route=%2Fwp%2Fv2%2Fmedia&parent=393"}],"wp:term":[{"taxonomy":"category","embeddable":true,"href":"https:\/\/szeif.elka.pw.edu.pl\/index.php?rest_route=%2Fwp%2Fv2%2Fcategories&post=393"},{"taxonomy":"post_tag","embeddable":true,"href":"https:\/\/szeif.elka.pw.edu.pl\/index.php?rest_route=%2Fwp%2Fv2%2Ftags&post=393"}],"curies":[{"name":"wp","href":"https:\/\/api.w.org\/{rel}","templated":true}]}}