{"id":455,"date":"2021-07-12T20:20:45","date_gmt":"2021-07-12T18:20:45","guid":{"rendered":"https:\/\/szeif.elka.pw.edu.pl\/?page_id=455"},"modified":"2021-07-12T20:21:27","modified_gmt":"2021-07-12T18:21:27","slug":"emcz-kompatybilnosc-elektromagnetyczna-ukladow-zasilania","status":"publish","type":"page","link":"https:\/\/szeif.elka.pw.edu.pl\/?page_id=455","title":{"rendered":"EMCZ &#8211; Kompatybilno\u015b\u0107 Elektromagnetyczna Uk\u0142ad\u00f3w Zasilania"},"content":{"rendered":"\t\t<div data-elementor-type=\"wp-page\" data-elementor-id=\"455\" class=\"elementor elementor-455\">\n\t\t\t\t\t\t<section class=\"elementor-section elementor-top-section elementor-element elementor-element-8a12351 elementor-section-boxed elementor-section-height-default elementor-section-height-default\" data-id=\"8a12351\" data-element_type=\"section\">\n\t\t\t\t\t\t<div class=\"elementor-container elementor-column-gap-default\">\n\t\t\t\t\t<div class=\"elementor-column elementor-col-100 elementor-top-column elementor-element elementor-element-6323fe8\" data-id=\"6323fe8\" data-element_type=\"column\">\n\t\t\t<div class=\"elementor-widget-wrap elementor-element-populated\">\n\t\t\t\t\t\t<div class=\"elementor-element elementor-element-3855439 elementor-widget elementor-widget-image\" data-id=\"3855439\" data-element_type=\"widget\" data-widget_type=\"image.default\">\n\t\t\t\t<div class=\"elementor-widget-container\">\n\t\t\t\t\t\t\t\t\t\t\t\t\t\t<a href=\"https:\/\/szeif.elka.pw.edu.pl\/wp-content\/uploads\/2021\/07\/sylabus_EMCZ.pdf\">\n\t\t\t\t\t\t\t<img decoding=\"async\" width=\"50\" height=\"64\" src=\"https:\/\/szeif.elka.pw.edu.pl\/wp-content\/uploads\/2021\/06\/pdf.png\" class=\"attachment-large size-large wp-image-108\" alt=\"\" \/>\t\t\t\t\t\t\t\t<\/a>\n\t\t\t\t\t\t\t\t\t\t\t\t\t<\/div>\n\t\t\t\t<\/div>\n\t\t\t\t\t<\/div>\n\t\t<\/div>\n\t\t\t\t\t<\/div>\n\t\t<\/section>\n\t\t\t\t<section class=\"elementor-section elementor-top-section elementor-element elementor-element-212092f elementor-section-boxed elementor-section-height-default elementor-section-height-default\" data-id=\"212092f\" data-element_type=\"section\">\n\t\t\t\t\t\t<div class=\"elementor-container elementor-column-gap-default\">\n\t\t\t\t\t<div class=\"elementor-column elementor-col-100 elementor-top-column elementor-element elementor-element-01460aa\" data-id=\"01460aa\" data-element_type=\"column\">\n\t\t\t<div class=\"elementor-widget-wrap elementor-element-populated\">\n\t\t\t\t\t\t<div class=\"elementor-element elementor-element-c57bdfc elementor-widget elementor-widget-text-editor\" data-id=\"c57bdfc\" data-element_type=\"widget\" data-widget_type=\"text-editor.default\">\n\t\t\t\t<div class=\"elementor-widget-container\">\n\t\t\t\t\t\t\t<div class=\"wp-block-pdfemb-pdf-embedder-viewer\"><a href=\"https:\/\/szeif.elka.pw.edu.pl\/wp-content\/uploads\/2021\/07\/sylabus_EMCZ.pdf\" class=\"pdfemb-viewer\" style=\"\" data-width=\"max\" data-height=\"max\" data-toolbar=\"both\" data-toolbar-fixed=\"on\">sylabus_EMCZ<\/a><\/div>\t\t\t\t\t\t<\/div>\n\t\t\t\t<\/div>\n\t\t\t\t\t<\/div>\n\t\t<\/div>\n\t\t\t\t\t<\/div>\n\t\t<\/section>\n\t\t\t\t<\/div>\n\t\t","protected":false},"excerpt":{"rendered":"","protected":false},"author":1,"featured_media":0,"parent":0,"menu_order":0,"comment_status":"closed","ping_status":"closed","template":"","meta":{"footnotes":""},"categories":[],"tags":[],"class_list":["post-455","page","type-page","status-publish"],"_links":{"self":[{"href":"https:\/\/szeif.elka.pw.edu.pl\/index.php?rest_route=\/wp\/v2\/pages\/455","targetHints":{"allow":["GET"]}}],"collection":[{"href":"https:\/\/szeif.elka.pw.edu.pl\/index.php?rest_route=\/wp\/v2\/pages"}],"about":[{"href":"https:\/\/szeif.elka.pw.edu.pl\/index.php?rest_route=\/wp\/v2\/types\/page"}],"author":[{"embeddable":true,"href":"https:\/\/szeif.elka.pw.edu.pl\/index.php?rest_route=\/wp\/v2\/users\/1"}],"replies":[{"embeddable":true,"href":"https:\/\/szeif.elka.pw.edu.pl\/index.php?rest_route=%2Fwp%2Fv2%2Fcomments&post=455"}],"version-history":[{"count":7,"href":"https:\/\/szeif.elka.pw.edu.pl\/index.php?rest_route=\/wp\/v2\/pages\/455\/revisions"}],"predecessor-version":[{"id":462,"href":"https:\/\/szeif.elka.pw.edu.pl\/index.php?rest_route=\/wp\/v2\/pages\/455\/revisions\/462"}],"wp:attachment":[{"href":"https:\/\/szeif.elka.pw.edu.pl\/index.php?rest_route=%2Fwp%2Fv2%2Fmedia&parent=455"}],"wp:term":[{"taxonomy":"category","embeddable":true,"href":"https:\/\/szeif.elka.pw.edu.pl\/index.php?rest_route=%2Fwp%2Fv2%2Fcategories&post=455"},{"taxonomy":"post_tag","embeddable":true,"href":"https:\/\/szeif.elka.pw.edu.pl\/index.php?rest_route=%2Fwp%2Fv2%2Ftags&post=455"}],"curies":[{"name":"wp","href":"https:\/\/api.w.org\/{rel}","templated":true}]}}