{"id":676,"date":"2021-07-14T23:06:47","date_gmt":"2021-07-14T21:06:47","guid":{"rendered":"https:\/\/szeif.elka.pw.edu.pl\/?page_id=676"},"modified":"2024-10-24T11:54:30","modified_gmt":"2024-10-24T09:54:30","slug":"struktura-specjalnosci-szeif","status":"publish","type":"page","link":"https:\/\/szeif.elka.pw.edu.pl\/?page_id=676","title":{"rendered":"Struktura specjalno\u015bci SZEiF"},"content":{"rendered":"\t\t<div data-elementor-type=\"wp-page\" data-elementor-id=\"676\" class=\"elementor elementor-676\">\n\t\t\t\t\t\t<section class=\"elementor-section elementor-top-section elementor-element elementor-element-1f4c609 elementor-section-boxed elementor-section-height-default elementor-section-height-default\" data-id=\"1f4c609\" data-element_type=\"section\">\n\t\t\t\t\t\t<div class=\"elementor-container elementor-column-gap-default\">\n\t\t\t\t\t<div class=\"elementor-column elementor-col-100 elementor-top-column elementor-element elementor-element-d78a38b\" data-id=\"d78a38b\" data-element_type=\"column\">\n\t\t\t<div class=\"elementor-widget-wrap elementor-element-populated\">\n\t\t\t\t\t\t<div class=\"elementor-element elementor-element-7cadf4a elementor-widget elementor-widget-text-editor\" data-id=\"7cadf4a\" data-element_type=\"widget\" data-widget_type=\"text-editor.default\">\n\t\t\t\t<div class=\"elementor-widget-container\">\n\t\t\t\t\t\t\t<ul><li>Klasa HES \u2013 5 ECTS:<ul><li>obowi\u0105zkowy \u2013 Przedsi\u0119biorczo\u015b\u0107 startupowa (2 ECTS)<\/li><li>zalecany &#8211; Zarz\u0105dzanie zwinne (3 ECTS lub inny z puli HES\u2019\u00f3w)<\/li><\/ul><\/li><li>Klasa Przedmioty zaawansowane obowi\u0105zkowe (9 ECTS\u2019ow)<\/li><li>Klasa Przedmioty zaawansowane wariantowe (20 ECTS\u2019ow z 28 dost\u0119pnych) \u2013 student musi wybra\u0107 min. 5 przedmiot\u00f3w z puli 7. Niewybrane przedmioty staj\u0105 si\u0119 obieralnymi zaawansowanymi i jako takie mo\u017cna je wybra\u0107<\/li><li>Przedmioty Zaawansowane Obieralne Specjalno\u015bci (16 ECTS)<\/li><li>Przedmioty zaawansowane techniczne. (8 ECTS)<\/li><\/ul>\t\t\t\t\t\t<\/div>\n\t\t\t\t<\/div>\n\t\t\t\t\t<\/div>\n\t\t<\/div>\n\t\t\t\t\t<\/div>\n\t\t<\/section>\n\t\t\t\t<section class=\"elementor-section elementor-top-section elementor-element elementor-element-95eae4d elementor-section-boxed elementor-section-height-default elementor-section-height-default\" data-id=\"95eae4d\" data-element_type=\"section\">\n\t\t\t\t\t\t<div class=\"elementor-container elementor-column-gap-default\">\n\t\t\t\t\t<div class=\"elementor-column elementor-col-100 elementor-top-column elementor-element elementor-element-0e499ff\" data-id=\"0e499ff\" data-element_type=\"column\">\n\t\t\t<div class=\"elementor-widget-wrap elementor-element-populated\">\n\t\t\t\t\t\t<div class=\"elementor-element elementor-element-80bb943 elementor-widget elementor-widget-shortcode\" data-id=\"80bb943\" data-element_type=\"widget\" data-widget_type=\"shortcode.default\">\n\t\t\t\t<div class=\"elementor-widget-container\">\n\t\t\t\t\t<div class=\"elementor-shortcode\">\n<table id=\"tablepress-1\" class=\"tablepress tablepress-id-1\">\n<thead>\n<tr class=\"row-1\">\n\t<th class=\"column-1\">Klasa programowa lub  przedmiot<\/th><th class=\"column-2\">sem. 1<br \/>\nECTS<\/th><th class=\"column-3\">sem. 2<br \/>\nECTS<\/th><th class=\"column-4\">sem. 3<br \/>\nECTS<\/th>\n<\/tr>\n<\/thead>\n<tbody>\n<tr class=\"row-2\">\n\t<td class=\"column-1\">J\u0119zyk obcy \u2013 egzamin  <\/td><td class=\"column-2\"><\/td><td class=\"column-3\"><\/td><td class=\"column-4\"><\/td>\n<\/tr>\n<tr class=\"row-3\">\n\t<td class=\"column-1\">Przedmioty ekonomiczno \u2013 spo\u0142eczne, w tym: <br \/>\n<\/td><td class=\"column-2\">3<\/td><td class=\"column-3\">(2)<\/td><td class=\"column-4\"><\/td>\n<\/tr>\n<tr class=\"row-4\">\n\t<td class=\"column-1\">  (zalecane) Zarz\u0105dzanie zwinne<\/td><td class=\"column-2\">(3)<\/td><td class=\"column-3\"><\/td><td class=\"column-4\"><\/td>\n<\/tr>\n<tr class=\"row-5\">\n\t<td class=\"column-1\"> Przedsi\u0119biorczo\u015b\u0107 startupowa<\/td><td class=\"column-2\"><\/td><td class=\"column-3\">2<\/td><td class=\"column-4\"><\/td>\n<\/tr>\n<tr class=\"row-6\">\n\t<td class=\"column-1\">Przedmioty techniczne, w tym:<\/td><td class=\"column-2\">25<\/td><td class=\"column-3\">20<\/td><td class=\"column-4\">8<\/td>\n<\/tr>\n<tr class=\"row-7\">\n\t<td class=\"column-1\">Przedmioty podstawowe specjalno\u015bci, w tym:<\/td><td class=\"column-2\"><\/td><td class=\"column-3\"><\/td><td class=\"column-4\"><\/td>\n<\/tr>\n<tr class=\"row-8\">\n\t<td class=\"column-1\">Przedmioty podstawowe obowi\u0105zkowe specjalno\u015bci<\/td><td class=\"column-2\"><\/td><td class=\"column-3\"><\/td><td class=\"column-4\"><\/td>\n<\/tr>\n<tr class=\"row-9\">\n\t<td class=\"column-1\">Przedmioty podstawowe wariantowe specjalno\u015bci<\/td><td class=\"column-2\"><\/td><td class=\"column-3\"><\/td><td class=\"column-4\"><\/td>\n<\/tr>\n<tr class=\"row-10\">\n\t<td class=\"column-1\">Przedmioty zaawansowane obowi\u0105zkowe specjalno\u015bci<br \/>\n(MEF, KRMiF, ZPB)<\/td><td class=\"column-2\">4<\/td><td class=\"column-3\"><\/td><td class=\"column-4\">5<\/td>\n<\/tr>\n<tr class=\"row-11\">\n\t<td class=\"column-1\">Przedmioty zaawansowane wariantowe specjalno\u015bci <br \/>\n<i>(5 z 7-miu) - przedmioty nie wybrane jako obowi\u0105zkowe <br>mo\u017cna wyrobi\u0107 jako obieralne specjalno\u015bci<\/i><\/td><td class=\"column-2\">12<\/td><td class=\"column-3\">8<\/td><td class=\"column-4\"><\/td>\n<\/tr>\n<tr class=\"row-12\">\n\t<td class=\"column-1\">Przedmioty zaawansowane obieralne specjalno\u015bci<\/td><td class=\"column-2\">9<\/td><td class=\"column-3\">4<\/td><td class=\"column-4\">3<\/td>\n<\/tr>\n<tr class=\"row-13\">\n\t<td class=\"column-1\">Przedmioty zaawansowane techniczne <\/td><td class=\"column-2\"><\/td><td class=\"column-3\">8<\/td><td class=\"column-4\"><\/td>\n<\/tr>\n<tr class=\"row-14\">\n\t<td class=\"column-1\">Dyplomowanie, w tym:<\/td><td class=\"column-2\">2<\/td><td class=\"column-3\">8<\/td><td class=\"column-4\">22<\/td>\n<\/tr>\n<tr class=\"row-15\">\n\t<td class=\"column-1\">Pracownia problemowa magisterska<\/td><td class=\"column-2\">2<\/td><td class=\"column-3\"><\/td><td class=\"column-4\"><\/td>\n<\/tr>\n<tr class=\"row-16\">\n\t<td class=\"column-1\">Pracownia dyplomowa magisterska<\/td><td class=\"column-2\"><\/td><td class=\"column-3\">6<\/td><td class=\"column-4\"><\/td>\n<\/tr>\n<tr class=\"row-17\">\n\t<td class=\"column-1\">Seminarium dyplomowe magisterskie 1<\/td><td class=\"column-2\"><\/td><td class=\"column-3\">2<\/td><td class=\"column-4\"><\/td>\n<\/tr>\n<tr class=\"row-18\">\n\t<td class=\"column-1\">Seminarium dyplomowe magisterskie 2<\/td><td class=\"column-2\"><\/td><td class=\"column-3\"><\/td><td class=\"column-4\">2<\/td>\n<\/tr>\n<tr class=\"row-19\">\n\t<td class=\"column-1\">Przygotowanie pracy dyplomowej magisterskiej<\/td><td class=\"column-2\"><\/td><td class=\"column-3\"><\/td><td class=\"column-4\">20<\/td>\n<\/tr>\n<tr class=\"row-20\">\n\t<td class=\"column-1\">Redakcja i edycja pracy dyplomowej magisterskiej<\/td><td class=\"column-2\"><\/td><td class=\"column-3\"><\/td><td class=\"column-4\">0<\/td>\n<\/tr>\n<tr class=\"row-21\">\n\t<td class=\"column-1\">suma<\/td><td class=\"column-2\">30<\/td><td class=\"column-3\">30<\/td><td class=\"column-4\">30<\/td>\n<\/tr>\n<\/tbody>\n<\/table>\n<!-- #tablepress-1 from cache --><\/div>\n\t\t\t\t<\/div>\n\t\t\t\t<\/div>\n\t\t\t\t\t<\/div>\n\t\t<\/div>\n\t\t\t\t\t<\/div>\n\t\t<\/section>\n\t\t\t\t<section class=\"elementor-section elementor-top-section elementor-element elementor-element-7e7517a5 elementor-section-stretched elementor-section-boxed elementor-section-height-default elementor-section-height-default\" data-id=\"7e7517a5\" data-element_type=\"section\" data-settings=\"{&quot;stretch_section&quot;:&quot;section-stretched&quot;}\">\n\t\t\t\t\t\t<div class=\"elementor-container elementor-column-gap-default\">\n\t\t\t\t\t<div class=\"elementor-column elementor-col-100 elementor-top-column elementor-element elementor-element-579621e3\" data-id=\"579621e3\" data-element_type=\"column\">\n\t\t\t<div class=\"elementor-widget-wrap elementor-element-populated\">\n\t\t\t\t\t\t<div class=\"elementor-element elementor-element-72aa55a5 elementor-widget-divider--view-line elementor-widget elementor-widget-divider\" data-id=\"72aa55a5\" data-element_type=\"widget\" data-widget_type=\"divider.default\">\n\t\t\t\t<div class=\"elementor-widget-container\">\n\t\t\t\t\t<div class=\"elementor-divider\">\n\t\t\t<span class=\"elementor-divider-separator\">\n\t\t\t\t\t\t<\/span>\n\t\t<\/div>\n\t\t\t\t<\/div>\n\t\t\t\t<\/div>\n\t\t\t\t<div class=\"elementor-element elementor-element-24145db6 elementor-icon-list--layout-traditional elementor-list-item-link-full_width elementor-widget elementor-widget-icon-list\" data-id=\"24145db6\" data-element_type=\"widget\" data-widget_type=\"icon-list.default\">\n\t\t\t\t<div class=\"elementor-widget-container\">\n\t\t\t\t\t<ul class=\"elementor-icon-list-items\">\n\t\t\t\t\t\t\t<li class=\"elementor-icon-list-item\">\n\t\t\t\t\t\t\t\t\t\t\t<span class=\"elementor-icon-list-icon\">\n\t\t\t\t\t\t\t<i aria-hidden=\"true\" class=\"fas fa-universal-access\"><\/i>\t\t\t\t\t\t<\/span>\n\t\t\t\t\t\t\t\t\t\t<span class=\"elementor-icon-list-text\">Kierownik specjalno\u015bci: dr in\u017c. S\u0142awomir Szostak<\/span>\n\t\t\t\t\t\t\t\t\t<\/li>\n\t\t\t\t\t\t\t\t<li class=\"elementor-icon-list-item\">\n\t\t\t\t\t\t\t\t\t\t\t<span class=\"elementor-icon-list-icon\">\n\t\t\t\t\t\t\t<i aria-hidden=\"true\" class=\"fas fa-envelope-open\"><\/i>\t\t\t\t\t\t<\/span>\n\t\t\t\t\t\t\t\t\t\t<span class=\"elementor-icon-list-text\"><a href=\"mailto:slawomir.szostak@pw.edu.pl\" style=\"background-color: rgb(14, 53, 89); display: inline !important;\">slawomir.szostak@pw.edu.pl<\/a><\/span>\n\t\t\t\t\t\t\t\t\t<\/li>\n\t\t\t\t\t\t<\/ul>\n\t\t\t\t<\/div>\n\t\t\t\t<\/div>\n\t\t\t\t\t<\/div>\n\t\t<\/div>\n\t\t\t\t\t<\/div>\n\t\t<\/section>\n\t\t\t\t<\/div>\n\t\t","protected":false},"excerpt":{"rendered":"<p>Klasa HES \u2013 5 ECTS: obowi\u0105zkowy \u2013 Przedsi\u0119biorczo\u015b\u0107 startupowa (2&hellip;<\/p>\n<p> <a class=\"more-link\" href=\"https:\/\/szeif.elka.pw.edu.pl\/?page_id=676\">Czytaj dalej<\/a><\/p>\n","protected":false},"author":1,"featured_media":0,"parent":0,"menu_order":0,"comment_status":"closed","ping_status":"closed","template":"","meta":{"footnotes":""},"categories":[],"tags":[],"class_list":["post-676","page","type-page","status-publish"],"_links":{"self":[{"href":"https:\/\/szeif.elka.pw.edu.pl\/index.php?rest_route=\/wp\/v2\/pages\/676","targetHints":{"allow":["GET"]}}],"collection":[{"href":"https:\/\/szeif.elka.pw.edu.pl\/index.php?rest_route=\/wp\/v2\/pages"}],"about":[{"href":"https:\/\/szeif.elka.pw.edu.pl\/index.php?rest_route=\/wp\/v2\/types\/page"}],"author":[{"embeddable":true,"href":"https:\/\/szeif.elka.pw.edu.pl\/index.php?rest_route=\/wp\/v2\/users\/1"}],"replies":[{"embeddable":true,"href":"https:\/\/szeif.elka.pw.edu.pl\/index.php?rest_route=%2Fwp%2Fv2%2Fcomments&post=676"}],"version-history":[{"count":22,"href":"https:\/\/szeif.elka.pw.edu.pl\/index.php?rest_route=\/wp\/v2\/pages\/676\/revisions"}],"predecessor-version":[{"id":1265,"href":"https:\/\/szeif.elka.pw.edu.pl\/index.php?rest_route=\/wp\/v2\/pages\/676\/revisions\/1265"}],"wp:attachment":[{"href":"https:\/\/szeif.elka.pw.edu.pl\/index.php?rest_route=%2Fwp%2Fv2%2Fmedia&parent=676"}],"wp:term":[{"taxonomy":"category","embeddable":true,"href":"https:\/\/szeif.elka.pw.edu.pl\/index.php?rest_route=%2Fwp%2Fv2%2Fcategories&post=676"},{"taxonomy":"post_tag","embeddable":true,"href":"https:\/\/szeif.elka.pw.edu.pl\/index.php?rest_route=%2Fwp%2Fv2%2Ftags&post=676"}],"curies":[{"name":"wp","href":"https:\/\/api.w.org\/{rel}","templated":true}]}}